{"id":3,"date":"2023-08-04T09:09:37","date_gmt":"2023-08-04T09:09:37","guid":{"rendered":"http:\/\/www.mueblesrey.com\/cocinas\/zaragoza\/?page_id=3"},"modified":"2023-08-11T08:58:59","modified_gmt":"2023-08-11T06:58:59","slug":"politica-privacidad","status":"publish","type":"page","link":"https:\/\/www.mueblesrey.com\/cocinas\/politica-privacidad\/","title":{"rendered":"Pol\u00edtica de Privacidad"},"content":{"rendered":"\t\t<div data-elementor-type=\"wp-page\" data-elementor-id=\"3\" class=\"elementor elementor-3\" data-elementor-post-type=\"page\">\n\t\t\t\t\t\t<section class=\"elementor-section elementor-top-section elementor-element elementor-element-5119b9d7 elementor-section-boxed elementor-section-height-default elementor-section-height-default\" data-id=\"5119b9d7\" data-element_type=\"section\">\n\t\t\t\t\t\t<div class=\"elementor-container elementor-column-gap-default\">\n\t\t\t\t\t<div class=\"elementor-column elementor-col-100 elementor-top-column elementor-element elementor-element-13f10db5\" data-id=\"13f10db5\" data-element_type=\"column\">\n\t\t\t<div class=\"elementor-widget-wrap elementor-element-populated\">\n\t\t\t\t\t\t<div class=\"elementor-element elementor-element-4525b7f7 elementor-widget elementor-widget-heading\" data-id=\"4525b7f7\" data-element_type=\"widget\" data-widget_type=\"heading.default\">\n\t\t\t\t<div class=\"elementor-widget-container\">\n\t\t\t\t\t<h1 class=\"elementor-heading-title elementor-size-default\">Pol\u00edtica de Privacidad<\/h1>\t\t\t\t<\/div>\n\t\t\t\t<\/div>\n\t\t\t\t<div class=\"elementor-element elementor-element-7c92bc01 elementor-widget elementor-widget-text-editor\" data-id=\"7c92bc01\" data-element_type=\"widget\" data-widget_type=\"text-editor.default\">\n\t\t\t\t<div class=\"elementor-widget-container\">\n\t\t\t\t\t\t\t\t\t<p>Pol\u00edtica de Privacidad (Informaci\u00f3n y Consentimiento)<\/p><table width=\"100%\"><tbody><tr><td colspan=\"2\"><p><strong>Informaci\u00f3n b\u00e1sica sobre protecci\u00f3n de datos<\/strong><\/p><\/td><\/tr><tr><td><p>Responsable:<\/p><\/td><td><p><strong>\u00a0\u00a0\u00a0\u00a0\u00a0\u00a0\u00a0\u00a0\u00a0\u00a0\u00a0 \u00a0\u00a0\u00a0\u00a0\u00a0\u00a0\u00a0\u00a0\u00a0\u00a0\u00a0 \u00a0REY PLUS ACCION Y D. COMERCIAL, S.L.U<\/strong><\/p><\/td><\/tr><tr><td><p>Finalidad:<\/p><\/td><td><p>Gesti\u00f3n de los datos personales necesarios para poder prestarle los servicios o productos solicitados. \u00a0REY PLUS ACCION Y D. COMERCIAL, S.L.U tratara los datos para realizar la\u00a0 gesti\u00f3n administrativa, contable y fiscal, as\u00ed como enviarle comunicaciones comerciales sobre nuestros productos y servicios. Env\u00edo de comunicaciones relacionadas con la relaci\u00f3n mercantil con nuestro cliente y con la prestaci\u00f3n de los servicios suministrados, el env\u00edo de productos a trav\u00e9s de terceros. Finalidades relacionadas como usuario de los servicios que brindamos en nuestra p\u00e1gina web https:\/\/www.mueblesrey.com\/cocinas\/zaragoza\/<\/p><\/td><\/tr><tr><td><p>Legitimaci\u00f3n:<\/p><\/td><td><ul><li>Ejecuci\u00f3n de un contrato.<\/li><li>Consentimiento del interesado.<\/li><li>Cumplimiento de obligaciones legales<\/li><li>Inter\u00e9s leg\u00edtimo del responsable o de terceros responsables<\/li><\/ul><\/td><\/tr><tr><td><p>Destinatarios:<\/p><\/td><td><p>Est\u00e1n previstas cesiones de datos a: Administraci\u00f3n p\u00fablica con competencia en la materia; organizaciones relacionadas con el responsable que faciliten y posibiliten la realizaci\u00f3n\u00a0 de la prestaci\u00f3n de servicios: asesor\u00eda, entidades aseguradoras, web master, y patrocinadores de los eventos. Son destinatarios de la informaci\u00f3n los terceros encargados de tratamiento que prestan sus servicios a \u00a0REY PLUS ACCION Y D. COMERCIAL, S.L.U, con quienes se ha suscrito el correspondiente acuerdo que garantiza el cumplimiento del RGPD y de las medidas de seguridad adecuadas.<\/p><\/td><\/tr><tr><td><p>Derechos:<\/p><\/td><td><p>Tiene derecho a acceder, rectificar y suprimir los datos, as\u00ed como otros derechos, indicados en la informaci\u00f3n adicional, que puede ejercer enviando correo electr\u00f3nico a lopd@reycorporacion.com<\/p><\/td><\/tr><tr><td><p>Procedencia:<\/p><\/td><td><p>del propio interesado y de nuestra p\u00e1gina web\u00a0 https:\/\/www.mueblesrey.com\/cocinas\/zaragoza\/<\/p><\/td><\/tr><tr><td><p>Informaci\u00f3n adicional:<\/p><\/td><td><p>Puede consultar informaci\u00f3n adicional y detallada sobre Protecci\u00f3n de Datos en nuestra p\u00e1gina web: https:\/\/www.mueblesrey.com\/cocinas\/zaragoza\/<\/p><\/td><\/tr><\/tbody><\/table><p>En caso de que nuestra pol\u00edtica de protecci\u00f3n de datos tuviera que variar a consecuencia de cambios legislativos o de criterios emanados de la Agencia de Protecci\u00f3n de Datos ser\u00eda convenientemente informado de cualquier variaci\u00f3n que fuere necesaria introducir para cumplir con la ley<\/p><p>\u00a0<\/p><p>\u00a0<\/p><p>\u00bfQui\u00e9n es el responsable del tratamiento de sus datos?<\/p><p><strong>Identidad<\/strong>: REY PLUS ACCION Y D. COMERCIAL, S.L.U <strong>CIF<\/strong>:B-50754555.<br \/><strong>Direcci\u00f3n postal<\/strong>: AVDA.MANUEL RODRIGUEZ AYUSO,2, 50012, Zaragoza, Zaragoza<br \/><strong>Tel\u00e9fono<\/strong>: 976 782012<\/p><p><strong>Correo electr\u00f3nico<\/strong>: lopd@reycorporacion.com<\/p><p><strong>Delegado de Protecci\u00f3n de Datos (DPD): <\/strong>PRODANA CONSULTORES S.L.<\/p><p><strong>Contacto DPD<\/strong> Parque Empresarial La Muga 11, planta 5 oficina 4-A 31160 Orcoyen Navarra Espa\u00f1a\u00a0 dpo@prodanaconsultores.com<\/p><p>\u00bfCon qu\u00e9 finalidad tratamos sus datos personales?<\/p><p>\u00a0REY PLUS ACCION Y D. COMERCIAL, S.L.U trata la informaci\u00f3n que nos facilitan las personas interesadas con el fin de gestionar los datos personales necesarios para poder prestarle los servicios o productos solicitados. \u00a0REY PLUS ACCION Y D. COMERCIAL, S.L.U tratara los datos para realizar la\u00a0 gesti\u00f3n administrativa, contable y fiscal, as\u00ed como enviarle comunicaciones comerciales sobre nuestros productos y servicios<\/p><p>RGPD: 6.1.a) El interesado dio su consentimiento para el tratamiento de sus datos personales para uno o varios fines espec\u00edficos: cesi\u00f3n de los datos a empresas necesarias para la prestaci\u00f3n del servicio solicitado, cesi\u00f3n datos a aplicaciones de terceros para servicios externos, env\u00edo de promociones comerciales.<\/p><p>RGPD: 6.1.b) Tratamiento necesario para la ejecuci\u00f3n de un contrato en el que el interesado es parte o para la aplicaci\u00f3n a petici\u00f3n de \u00e9ste de medidas precontractuales.<\/p><p>RGPD: 6.1.c) Tratamiento necesario para el cumplimiento de una obligaci\u00f3n legal aplicable al responsable del tratamiento.<\/p><p>RGPD: 6.1.f) Tratamiento necesario para la satisfacci\u00f3n de intereses leg\u00edtimos perseguidos\u00a0\u00a0 por el Responsable del tratamiento o por un tercero, siempre que dichos intereses no prevalezcan los intereses o derechos fundamentales del interesado.<\/p><p>\u00bfPor cu\u00e1nto tiempo conservaremos sus datos?<\/p><p>Se conservar\u00e1n durante el tiempo necesario para cumplir con la finalidad para la que se recabaron y para determinar las posibles responsabilidades que se pudieran derivar de dicha finalidad y del tratamiento de los datos incluidas el cumplimiento de las obligaciones legales, para las finalidades en las que requerimos su consentimiento expreso, se conservaran mientras el afectado no ejerza sus derecho de supresi\u00f3n o limitaci\u00f3n de la finalidad, por ejemplo el env\u00edo de comunicaciones comerciales.<\/p><p>\u00a0<\/p><p>\u00bfCu\u00e1l es la legitimaci\u00f3n para el tratamiento de sus datos?<\/p><p>Le indicamos la base legal para el tratamiento de sus datos:<\/p><ul><li><strong>Ejecuci\u00f3n de un contrato<\/strong>: Ejecuci\u00f3n de un contrato de compra\/venta o suministro sobre nuestros productos y\/o servicios.<\/li><li><strong>Consentimiento del interesado<\/strong>: El env\u00edo de comunicaciones comerciales de nuestros productos y servicios.<\/li><li><strong>Cumplimiento de obligaciones legales<\/strong>: Tratamiento necesario para el cumplimiento de una obligaci\u00f3n legal aplicable al responsable del tratamiento<\/li><\/ul><ul><li><strong>Inter\u00e9s leg\u00edtimo del responsable<\/strong>: Finalidades relacionadas con la prestaci\u00f3n, asistencia y comunicaci\u00f3n sobre los servicios o productos contratados\/suministrados: compra, atenci\u00f3n al cliente, devoluci\u00f3n, cesi\u00f3n a terceros para el transporte y entrega, gesti\u00f3n de ofertas a clientes, comunicaciones con el cliente en relaci\u00f3n al servicio, reclamaciones y quejas, cesi\u00f3n de datos a terceros para la prestaci\u00f3n de los servicios y la coordinaci\u00f3n de actividades empresariales.<\/li><\/ul><p>Gesti\u00f3n administrativa, contable y fiscal; Comunicaciones con el cliente; la cesi\u00f3n de datos a terceras empresas relacionadas con el Responsable del Tratamiento con la finalidad de tratamientos relacionados con este inter\u00e9s leg\u00edtimo.<\/p><p>\u00bfA qu\u00e9 destinatarios se comunicar\u00e1n sus datos?<\/p><p>Los datos se comunicar\u00e1n a los siguientes destinatarios:<\/p><ul><li>Administraci\u00f3n p\u00fablica con competencia en la correspondiente materia, con la finalidad de cumplimiento de las obligaciones legales.<\/li><li>Tesorer\u00eda seguridad social y dem\u00e1s organismos p\u00fablicos.<\/li><li>Personas y organizaciones relacionadas con el responsable del tratamiento, con la finalidad de prestar servicios externos a la empresa como: asesor\u00eda, inform\u00e1tica, consultores, auditores, seguros, prevenci\u00f3n riesgos laborales, abogados y dem\u00e1s proveedores de servicios externos&#8230;<\/li><li>Entidades financieras con la finalidad de transacciones econ\u00f3micas..<\/li><li>Son destinatarios de la informaci\u00f3n los terceros encargados de tratamiento que prestan sus servicios a REY PLUS ACCION Y D. COMERCIAL, S.L.U con quienes se ha suscrito el correspondiente acuerdo que garantiza el cumplimiento del RGPD y de las medidas de seguridad adecuadas<\/li><\/ul><p>\u00a0<\/p><p>\u00bfTransferencias de datos a terceros pa\u00edses?<\/p><p>No est\u00e1n previstas transferencias de datos a terceros pa\u00edses.<\/p><p>\u00bfCu\u00e1les son sus derechos cuando nos facilita sus datos?<\/p><p>Cualquier persona tiene derecho a obtener confirmaci\u00f3n sobre si\u00a0 \u00a0REY PLUS ACCION Y D. COMERCIAL, S.L.U est\u00e1 tratando datos personales que les conciernan, o no.<\/p><p>Las personas interesadas tienen derecho a acceder a sus datos personales, as\u00ed como a solicitar la rectificaci\u00f3n de los datos inexactos o, en su caso, solicitar su supresi\u00f3n cuando, entre otros motivos, los datos ya no sean necesarios para los fines que fueron recogidos.<\/p><p>En determinadas circunstancias, los interesados podr\u00e1n solicitar la limitaci\u00f3n del tratamiento de sus datos, en cuyo caso \u00fanicamente los conservaremos para el ejercicio o la defensa de reclamaciones.<\/p><p>En determinadas circunstancias y por motivos relacionados con su situaci\u00f3n particular, los interesados podr\u00e1n oponerse al tratamiento de sus datos. En este caso, REY PLUS ACCION Y D. COMERCIAL, S.L.U dejar\u00e1 de tratar los datos, salvo por motivos leg\u00edtimos imperiosos, o el ejercicio o la defensa de posibles reclamaciones.<\/p><p>Podr\u00e1 ejercitar materialmente sus derechos de la siguiente forma: Tiene derecho a acceder, rectificar y suprimir los datos, as\u00ed como otros derechos, indicados en la informaci\u00f3n adicional, que puede ejercer enviando correo electr\u00f3nico a <a href=\"mailto:trokelsa@trokelsa.com\">lopd@reycorporacion.com<\/a> o directamente en la direcci\u00f3n: AVDA.MANUEL RODRIGUEZ AYUSO,2, 50012, Zaragoza, Zaragoza<\/p><p>Si ha otorgado su consentimiento para alguna finalidad concreta, tiene derecho a retirar el consentimiento otorgado en cualquier momento, sin que ello afecte a la licitud del tratamiento basado en el consentimiento previo a su retirada.<\/p><p>En caso de que sienta vulnerados sus derechos en lo concerniente a la protecci\u00f3n de sus datos personales, especialmente cuando no haya obtenido satisfacci\u00f3n en el ejercicio de sus derechos, puede presentar una reclamaci\u00f3n ante la Autoridad de Control en materia de Protecci\u00f3n de Datos competente a trav\u00e9s de su sitio web: <a href=\"http:\/\/www.agdp.es\/\">www.agpd.es<\/a>.<\/p><p>\u00bfQu\u00e9 Derechos tiene?<\/p><p>A saber si estamos tratando sus datos o no.<\/p><p>A acceder a sus datos personales.<\/p><p>A solicitar la rectificaci\u00f3n de sus datos si son inexactos.<\/p><p>A solicitar la supresi\u00f3n de sus datos si ya no son necesarios para los fines para los que fueron recogidos o si nos retira el consentimiento otorgado.<\/p><p>A solicitar la limitaci\u00f3n del tratamiento de sus datos, en algunos supuestos, en cuyo caso s\u00f3lo los conservaremos de acuerdo con la normativa vigente.<\/p><p>A portar sus datos, que te ser\u00e1n facilitados en un formato estructurado, de uso com\u00fan o lectura mec\u00e1nica. Si lo prefiere, se los podemos enviar al nuevo responsable que nos designe. S\u00f3lo es v\u00e1lido en determinados supuestos.<\/p><p>A presentar una reclamaci\u00f3n ante la Agencia Espa\u00f1ola de Protecci\u00f3n de Datos, si cree que no te hemos atendido correctamente.<\/p><p>A revocar el consentimiento para cualquier tratamiento para el que haya consentido, en cualquier momento.<\/p><p>Si modifica alg\u00fan dato, te agradecemos que nos lo comuniques para mantenerlos actualizados.<\/p><p>\u00a0<\/p><p>\u00bfQuiere un formulario para el ejercicio de Derechos?<\/p><p>Tenemos formularios para el ejercicio de sus derechos, p\u00eddenoslos por\u00a0 email o si lo prefiere, puedes usar los elaborados por la Agencia Espa\u00f1ola de Protecci\u00f3n de Datos o terceros.<\/p><p>Estos formularios deben ir firmados electr\u00f3nicamente o ser acompa\u00f1ados de fotocopia del DNI.<\/p><p>Si le representa alguien, debes adjuntarnos copia de su DNI, o que lo firme con su firma electr\u00f3nica.<\/p><p>Los formularios pueden ser presentados presencialmente, enviados por carta o por mail en la direcci\u00f3n del Responsable al inicio de este texto.<\/p><p>\u00a0<\/p><p>\u00bfCu\u00e1nto tardaremos en contestarle al Ejercicio de Derechos?<\/p><p>Depende del derecho, pero como m\u00e1ximo en un mes desde su solicitud, y dos meses si el tema es muy complejo y le notificamos que necesitamos m\u00e1s tiempo<\/p><p>\u00a0<\/p><p>\u00bfC\u00f3mo hemos obtenido sus datos?<\/p><p>Los datos personales que trata \u00a0REY PLUS ACCION Y D. COMERCIAL, S.L.U proceden del propio interesado. La tipolog\u00eda de datos de car\u00e1cter personal tratados es la siguiente:<\/p><ul><li>Datos identificativos: DNI, NIE, nombre y apellidos, tel\u00e9fono, imagen, voz, direcci\u00f3n, firma, direcci\u00f3n de correo electr\u00f3nico<\/li><li>Otro tipo de datos: caracter\u00edsticas personales, acad\u00e9micos-profesionales, informaci\u00f3n comercial, transacciones de bienes y servicios, datos bancarios<\/li><li>Informaci\u00f3n comercial<\/li><li>No se tratan categor\u00edas especiales de datos personales (son aquellos datos que revelen el origen \u00e9tnico o racial, las opiniones pol\u00edticas, las convicciones religiosas o filos\u00f3ficas, o la afiliaci\u00f3n sindical, datos gen\u00e9ticos, datos biom\u00e9tricos dirigidos a identificar de manera un\u00edvoca a una persona f\u00edsica, datos relativos a la salud o datos relativos a la vida sexual o la orientaci\u00f3n sexual de una persona f\u00edsica).<\/li><\/ul><p>\u00a0<\/p>\t\t\t\t\t\t\t\t<\/div>\n\t\t\t\t<\/div>\n\t\t\t\t\t<\/div>\n\t\t<\/div>\n\t\t\t\t\t<\/div>\n\t\t<\/section>\n\t\t\t\t<\/div>\n\t\t","protected":false},"excerpt":{"rendered":"<p>Pol\u00edtica de Privacidad (Informaci\u00f3n y Consentimiento) Informaci\u00f3n b\u00e1sica sobre protecci\u00f3n de datos Responsable: \u00a0\u00a0\u00a0\u00a0\u00a0\u00a0\u00a0\u00a0\u00a0\u00a0\u00a0 \u00a0\u00a0\u00a0\u00a0\u00a0\u00a0\u00a0\u00a0\u00a0\u00a0\u00a0 \u00a0REY PLUS ACCION Y D. COMERCIAL, S.L.U Finalidad: Gesti\u00f3n de los datos personales necesarios para poder prestarle los servicios o productos solicitados. \u00a0REY PLUS ACCION Y D. COMERCIAL, S.L.U tratara los datos para realizar la\u00a0 gesti\u00f3n administrativa, contable y fiscal,&#8230;<\/p>\n","protected":false},"author":1,"featured_media":0,"parent":0,"menu_order":0,"comment_status":"closed","ping_status":"open","template":"","meta":{"footnotes":""},"class_list":["post-3","page","type-page","status-publish","hentry"],"yoast_head":"<!-- This site is optimized with the Yoast SEO plugin v25.6 - https:\/\/yoast.com\/wordpress\/plugins\/seo\/ -->\n<title>Pol\u00edtica de Privacidad - www.mueblesrey.com\/cocinas\/<\/title>\n<meta name=\"robots\" content=\"index, nofollow, max-snippet:-1, max-image-preview:large, max-video-preview:-1\" \/>\n<link rel=\"canonical\" href=\"https:\/\/www.mueblesrey.com\/cocinas\/politica-privacidad\/\" \/>\n<meta property=\"og:locale\" content=\"es_ES\" \/>\n<meta property=\"og:type\" content=\"article\" \/>\n<meta property=\"og:title\" content=\"Pol\u00edtica de Privacidad - www.mueblesrey.com\/cocinas\/\" \/>\n<meta property=\"og:description\" content=\"Pol\u00edtica de Privacidad (Informaci\u00f3n y Consentimiento) Informaci\u00f3n b\u00e1sica sobre protecci\u00f3n de datos Responsable: \u00a0\u00a0\u00a0\u00a0\u00a0\u00a0\u00a0\u00a0\u00a0\u00a0\u00a0 \u00a0\u00a0\u00a0\u00a0\u00a0\u00a0\u00a0\u00a0\u00a0\u00a0\u00a0 \u00a0REY PLUS ACCION Y D. COMERCIAL, S.L.U Finalidad: Gesti\u00f3n de los datos personales necesarios para poder prestarle los servicios o productos solicitados. \u00a0REY PLUS ACCION Y D. COMERCIAL, S.L.U tratara los datos para realizar la\u00a0 gesti\u00f3n administrativa, contable y fiscal,...\" \/>\n<meta property=\"og:url\" content=\"https:\/\/www.mueblesrey.com\/cocinas\/politica-privacidad\/\" \/>\n<meta property=\"og:site_name\" content=\"www.mueblesrey.com\/cocinas\/\" \/>\n<meta property=\"article:modified_time\" content=\"2023-08-11T06:58:59+00:00\" \/>\n<meta name=\"twitter:card\" content=\"summary_large_image\" \/>\n<meta name=\"twitter:label1\" content=\"Tiempo de lectura\" \/>\n\t<meta name=\"twitter:data1\" content=\"8 minutos\" \/>\n<script type=\"application\/ld+json\" class=\"yoast-schema-graph\">{\"@context\":\"https:\/\/schema.org\",\"@graph\":[{\"@type\":\"WebPage\",\"@id\":\"https:\/\/www.mueblesrey.com\/cocinas\/politica-privacidad\/\",\"url\":\"https:\/\/www.mueblesrey.com\/cocinas\/politica-privacidad\/\",\"name\":\"Pol\u00edtica de Privacidad - www.mueblesrey.com\/cocinas\/\",\"isPartOf\":{\"@id\":\"https:\/\/www.mueblesrey.com\/cocinas\/#website\"},\"datePublished\":\"2023-08-04T09:09:37+00:00\",\"dateModified\":\"2023-08-11T06:58:59+00:00\",\"breadcrumb\":{\"@id\":\"https:\/\/www.mueblesrey.com\/cocinas\/politica-privacidad\/#breadcrumb\"},\"inLanguage\":\"es\",\"potentialAction\":[{\"@type\":\"ReadAction\",\"target\":[\"https:\/\/www.mueblesrey.com\/cocinas\/politica-privacidad\/\"]}]},{\"@type\":\"BreadcrumbList\",\"@id\":\"https:\/\/www.mueblesrey.com\/cocinas\/politica-privacidad\/#breadcrumb\",\"itemListElement\":[{\"@type\":\"ListItem\",\"position\":1,\"name\":\"Portada\",\"item\":\"https:\/\/www.mueblesrey.com\/cocinas\/\"},{\"@type\":\"ListItem\",\"position\":2,\"name\":\"Pol\u00edtica de Privacidad\"}]},{\"@type\":\"WebSite\",\"@id\":\"https:\/\/www.mueblesrey.com\/cocinas\/#website\",\"url\":\"https:\/\/www.mueblesrey.com\/cocinas\/\",\"name\":\"www.mueblesrey.com\/cocinas\/\",\"description\":\"Tienda de muebles de cocina. Con m\u00e1s de 60 a\u00f1os de experiencia en la venta de muebles\",\"publisher\":{\"@id\":\"https:\/\/www.mueblesrey.com\/cocinas\/#organization\"},\"potentialAction\":[{\"@type\":\"SearchAction\",\"target\":{\"@type\":\"EntryPoint\",\"urlTemplate\":\"https:\/\/www.mueblesrey.com\/cocinas\/?s={search_term_string}\"},\"query-input\":{\"@type\":\"PropertyValueSpecification\",\"valueRequired\":true,\"valueName\":\"search_term_string\"}}],\"inLanguage\":\"es\"},{\"@type\":\"Organization\",\"@id\":\"https:\/\/www.mueblesrey.com\/cocinas\/#organization\",\"name\":\"www.mueblesrey.com\/cocinas\/\",\"url\":\"https:\/\/www.mueblesrey.com\/cocinas\/\",\"logo\":{\"@type\":\"ImageObject\",\"inLanguage\":\"es\",\"@id\":\"https:\/\/www.mueblesrey.com\/cocinas\/#\/schema\/logo\/image\/\",\"url\":\"https:\/\/www.mueblesrey.com\/cocinas\/wp-content\/uploads\/2023\/08\/Mesa-de-trabajo-1.png\",\"contentUrl\":\"https:\/\/www.mueblesrey.com\/cocinas\/wp-content\/uploads\/2023\/08\/Mesa-de-trabajo-1.png\",\"width\":454,\"height\":454,\"caption\":\"www.mueblesrey.com\/cocinas\/\"},\"image\":{\"@id\":\"https:\/\/www.mueblesrey.com\/cocinas\/#\/schema\/logo\/image\/\"}}]}<\/script>\n<!-- \/ Yoast SEO plugin. -->","yoast_head_json":{"title":"Pol\u00edtica de Privacidad - www.mueblesrey.com\/cocinas\/","robots":{"index":"index","follow":"nofollow","max-snippet":"max-snippet:-1","max-image-preview":"max-image-preview:large","max-video-preview":"max-video-preview:-1"},"canonical":"https:\/\/www.mueblesrey.com\/cocinas\/politica-privacidad\/","og_locale":"es_ES","og_type":"article","og_title":"Pol\u00edtica de Privacidad - www.mueblesrey.com\/cocinas\/","og_description":"Pol\u00edtica de Privacidad (Informaci\u00f3n y Consentimiento) Informaci\u00f3n b\u00e1sica sobre protecci\u00f3n de datos Responsable: \u00a0\u00a0\u00a0\u00a0\u00a0\u00a0\u00a0\u00a0\u00a0\u00a0\u00a0 \u00a0\u00a0\u00a0\u00a0\u00a0\u00a0\u00a0\u00a0\u00a0\u00a0\u00a0 \u00a0REY PLUS ACCION Y D. COMERCIAL, S.L.U Finalidad: Gesti\u00f3n de los datos personales necesarios para poder prestarle los servicios o productos solicitados. \u00a0REY PLUS ACCION Y D. COMERCIAL, S.L.U tratara los datos para realizar la\u00a0 gesti\u00f3n administrativa, contable y fiscal,...","og_url":"https:\/\/www.mueblesrey.com\/cocinas\/politica-privacidad\/","og_site_name":"www.mueblesrey.com\/cocinas\/","article_modified_time":"2023-08-11T06:58:59+00:00","twitter_card":"summary_large_image","twitter_misc":{"Tiempo de lectura":"8 minutos"},"schema":{"@context":"https:\/\/schema.org","@graph":[{"@type":"WebPage","@id":"https:\/\/www.mueblesrey.com\/cocinas\/politica-privacidad\/","url":"https:\/\/www.mueblesrey.com\/cocinas\/politica-privacidad\/","name":"Pol\u00edtica de Privacidad - www.mueblesrey.com\/cocinas\/","isPartOf":{"@id":"https:\/\/www.mueblesrey.com\/cocinas\/#website"},"datePublished":"2023-08-04T09:09:37+00:00","dateModified":"2023-08-11T06:58:59+00:00","breadcrumb":{"@id":"https:\/\/www.mueblesrey.com\/cocinas\/politica-privacidad\/#breadcrumb"},"inLanguage":"es","potentialAction":[{"@type":"ReadAction","target":["https:\/\/www.mueblesrey.com\/cocinas\/politica-privacidad\/"]}]},{"@type":"BreadcrumbList","@id":"https:\/\/www.mueblesrey.com\/cocinas\/politica-privacidad\/#breadcrumb","itemListElement":[{"@type":"ListItem","position":1,"name":"Portada","item":"https:\/\/www.mueblesrey.com\/cocinas\/"},{"@type":"ListItem","position":2,"name":"Pol\u00edtica de Privacidad"}]},{"@type":"WebSite","@id":"https:\/\/www.mueblesrey.com\/cocinas\/#website","url":"https:\/\/www.mueblesrey.com\/cocinas\/","name":"www.mueblesrey.com\/cocinas\/","description":"Tienda de muebles de cocina. Con m\u00e1s de 60 a\u00f1os de experiencia en la venta de muebles","publisher":{"@id":"https:\/\/www.mueblesrey.com\/cocinas\/#organization"},"potentialAction":[{"@type":"SearchAction","target":{"@type":"EntryPoint","urlTemplate":"https:\/\/www.mueblesrey.com\/cocinas\/?s={search_term_string}"},"query-input":{"@type":"PropertyValueSpecification","valueRequired":true,"valueName":"search_term_string"}}],"inLanguage":"es"},{"@type":"Organization","@id":"https:\/\/www.mueblesrey.com\/cocinas\/#organization","name":"www.mueblesrey.com\/cocinas\/","url":"https:\/\/www.mueblesrey.com\/cocinas\/","logo":{"@type":"ImageObject","inLanguage":"es","@id":"https:\/\/www.mueblesrey.com\/cocinas\/#\/schema\/logo\/image\/","url":"https:\/\/www.mueblesrey.com\/cocinas\/wp-content\/uploads\/2023\/08\/Mesa-de-trabajo-1.png","contentUrl":"https:\/\/www.mueblesrey.com\/cocinas\/wp-content\/uploads\/2023\/08\/Mesa-de-trabajo-1.png","width":454,"height":454,"caption":"www.mueblesrey.com\/cocinas\/"},"image":{"@id":"https:\/\/www.mueblesrey.com\/cocinas\/#\/schema\/logo\/image\/"}}]}},"_links":{"self":[{"href":"https:\/\/www.mueblesrey.com\/cocinas\/wp-json\/wp\/v2\/pages\/3","targetHints":{"allow":["GET"]}}],"collection":[{"href":"https:\/\/www.mueblesrey.com\/cocinas\/wp-json\/wp\/v2\/pages"}],"about":[{"href":"https:\/\/www.mueblesrey.com\/cocinas\/wp-json\/wp\/v2\/types\/page"}],"author":[{"embeddable":true,"href":"https:\/\/www.mueblesrey.com\/cocinas\/wp-json\/wp\/v2\/users\/1"}],"replies":[{"embeddable":true,"href":"https:\/\/www.mueblesrey.com\/cocinas\/wp-json\/wp\/v2\/comments?post=3"}],"version-history":[{"count":7,"href":"https:\/\/www.mueblesrey.com\/cocinas\/wp-json\/wp\/v2\/pages\/3\/revisions"}],"predecessor-version":[{"id":1073,"href":"https:\/\/www.mueblesrey.com\/cocinas\/wp-json\/wp\/v2\/pages\/3\/revisions\/1073"}],"wp:attachment":[{"href":"https:\/\/www.mueblesrey.com\/cocinas\/wp-json\/wp\/v2\/media?parent=3"}],"curies":[{"name":"wp","href":"https:\/\/api.w.org\/{rel}","templated":true}]}}